{"id":526,"date":"2019-03-29T13:41:36","date_gmt":"2019-03-29T13:41:36","guid":{"rendered":"http:\/\/www.nitrural.com\/?page_id=526"},"modified":"2021-04-29T14:13:54","modified_gmt":"2021-04-29T14:13:54","slug":"politica-de-privacitat","status":"publish","type":"page","link":"https:\/\/www.nitrural.com\/?page_id=526","title":{"rendered":"Pol\u00edtica de Privacitat"},"content":{"rendered":"<div class=\"title-container-wrap\">\n<div class=\"title-container clearfix\">\n<div class=\"entry-title float-left two-column\">\n<h1><\/h1>\n<div class=\"container clearfix\">\n<div class=\"page-contents-wrap float-left two-column\">\n<div id=\"post-270\" class=\"post-270 page type-page status-publish hentry\">\n<div class=\"entry-page-wrapper entry-content clearfix\">\n<p><u>AVIS LEGAL<\/u><\/p>\n<p>&nbsp;<\/p>\n<p><strong>DADES IDENTIFICATIVES<\/strong><\/p>\n<ul>\n<li>Identitat del responsable: EDILBERT MOLINS PONS<\/li>\n<li>Ra\u00f3 social:\u00a0EDILBERT MOLINS PONS<\/li>\n<li>NIF \/ CIF: 47700896T<\/li>\n<li>Adre\u00e7a electr\u00f2nica:\u00a0\u00a0info@nitrural.com<\/li>\n<\/ul>\n<\/div>\n<\/div>\n<\/div>\n<\/div>\n<div class=\"title-container-wrap\"><\/div>\n<div class=\"container clearfix\">\n<p><strong>TERMES GENERALS D&#8217;\u00daS<\/strong><\/p>\n<p>L&#8217;acc\u00e9s i\/o \u00fas d&#8217;aquest P\u00e0gina Web atribueix la condici\u00f3 d&#8217;Usuari, que accepta els termes i condicions generals d&#8217;\u00fas per a poder usar tots els serveis i informaci\u00f3 que es faciliten. Les presents condicions generals d&#8217;\u00fas del portal regulen l&#8217;acc\u00e9s i la utilitzaci\u00f3 de la p\u00e0gina Web, incloent els continguts i els serveis posats a la disposici\u00f3 dels usuaris.<\/p>\n<p>El mer acc\u00e9s o utilitzaci\u00f3 del portal, de tots o part dels seus continguts i serveis significa la plena acceptaci\u00f3 de les presents condicions d&#8217;\u00fas.Per a informar-te de les dades personals que recaptem i la forma en qu\u00e8 ho fem pots accedir a nostra Pol\u00edtica de <a href=\"http:\/\/www.nitrural.com\/?page_id=526&amp;preview=true\">Politica de Privacitat.<\/a><\/p>\n<p>Aquesta web, per tant, compleix rigorosament amb el RGPD (REGLAMENT (UE) 2016\/679 de protecci\u00f3 de dades) i la LSSI-CE la Llei 34\/2002, d&#8217;11 de juliol, de serveis de la societat de la informaci\u00f3 i de comer\u00e7 electr\u00f2nic.<\/p>\n<p><strong>RESPONSABILITAT<\/strong><\/p>\n<p>Tot acc\u00e9s o \u00fas que pugui fer-se de la informaci\u00f3 continguda en aquest, \u00e9s de l&#8217;exclusiva responsabilitat de qui ho realitza. Per tant, l&#8217;usuari accepta, de forma expressa i sense reserves, que l&#8217;acc\u00e9s i la utilitzaci\u00f3 del portal, es fa sota la seva \u00fanica i exclusiva responsabilitat.<\/p>\n<p>L&#8217;empresa es reserva la facultat de modificar en qualsevol moment les condicions generals d&#8217;\u00fas de la p\u00e0gina web. En tot cas, es recomana que consulti peri\u00f2dicament les presents condicions generals d&#8217;\u00fas, ja que poden ser modificades.<\/p>\n<p>No es garanteix la disponibilitat cont\u00ednua i permanent dels serveis, quedant d&#8217;aquesta manera exonerat de qualsevol responsabilitat per possibles danys i perjudicis causats com a conseq\u00fc\u00e8ncia de la falta de disponibilitat del servei per motius de for\u00e7a major o errors en les xarxes telem\u00e0tiques de transfer\u00e8ncia de dades, aliens a la seva voluntat, o per desconnexions realitzades per treballs de millora o manteniment dels equips i sistemes inform\u00e0tics. No ser\u00e0 responsable per la interrupci\u00f3, suspensi\u00f3 o finalitzaci\u00f3 de la informaci\u00f3 o serveis. Aix\u00ed mateix, no es responsabilitza de les possibles omissions, p\u00e8rdues d&#8217;informaci\u00f3, dades, configuracions, accessos indeguts o vulneraci\u00f3 de la confidencialitat que tinguin origen en problemes t\u00e8cnics, de comunicacions o omissions humanes, causades per tercers o no imputables al portal. Tampoc respondr\u00e0 dels danys produ\u00efts per atacs inform\u00e0tics o causats per virus que afectin programes inform\u00e0tics, sistemes de comunicacions o equips utilitzats per la p\u00e0gina web per\u00f2 fabricats o facilitats per un tercer. El portal podr\u00e0, a la seva sola discreci\u00f3, denegar, retirar, suspendre i\/o bloquejar en qualsevol moment i sense necessitat de previ av\u00eds l&#8217;acc\u00e9s a la informaci\u00f3 i serveis a aquells usuaris que incompleixin les presents normes.<\/p>\n<p>Exceptuant els casos que la Llei imposi expressament el contrari, i exclusivament amb la mesura i extensi\u00f3 en qu\u00e8 ho imposi, l&#8217;aplicaci\u00f3 no garanteix ni assumeix cap responsabilitat respecte als possibles danys i perjudicis causats per l&#8217;\u00fas i utilitzaci\u00f3 de la informaci\u00f3, dades i serveis de la Web.<\/p>\n<p>En tot cas, el portal exclou qualsevol responsabilitat pels danys i perjudicis que puguin deure&#8217;s a la informaci\u00f3 i\/o serveis prestats o subministrats per tercers diferents de l&#8217;empresa. Tota la responsabilitat ser\u00e0 del tercer ja sigui prove\u00efdor, col\u00b7laborador o un altre.<\/p>\n<p><strong>PROPIETAT INTEL\u00b7LECTUAL<\/strong><\/p>\n<p>L&#8217;empresa \u00e9s titular de tots els drets de propietat intel\u00b7lectual i industrial de la seva p\u00e0gina web, aix\u00ed com dels elements continguts en aquesta. Tots els drets estan reservados.<\/p>\n<p>En virtut del que es disposa en els articles 8 i 32.1, par\u00e0graf segon, de la Llei de Propietat Intel\u00b7lectual, queden expressament prohibides la reproducci\u00f3, la distribuci\u00f3 i la comunicaci\u00f3 p\u00fablica, inclosa la seva modalitat de posada a disposici\u00f3, de la totalitat o part dels continguts d&#8217;aquesta p\u00e0gina web, amb finalitats comercials, en qualsevol suport i per qualsevol mitj\u00e0 t\u00e8cnic, sense l&#8217;autoritzaci\u00f3 de l&#8217;empresa.<\/p>\n<p><strong>LINKS, BANNERS<\/strong><\/p>\n<p>En cas \u00a0que\u00a0<strong>http:\/\/nitrural.com<\/strong>\u00a0inclogui links o enlla\u00e7os amb altres portals, t\u00e9 una finalitat merament informativa, i no suposa que l&#8217;empresa recomani i\/o garanteixi aquests portals, sobre els quals no exerceix cap control, ni \u00e9s responsable d&#8217;aquests.<\/p>\n<p><strong>BLOG<\/strong><\/p>\n<p>En cas \u00a0que\u00a0<strong>http:\/\/nitrural.com<\/strong> tingui un apartat Blog, la seva finalitat \u00e9s la difusi\u00f3 dels diferents serveis oferts per l&#8217;empresa. El titular de la Web no es responsabilitza de les opinions dels usuaris, i es reserva els drets d&#8217;esborrar els comentaris que poguessin resultar ofensius o denigrants i bloquejar i impedir els futurs comentaris provinents dels autors d&#8217;aquests comentaris.<\/p>\n<\/div>\n<\/div>\n<\/div>\n<\/div>\n<div class=\"container clearfix\">\n<p><strong><u>POL\u00cdTICA DE PRIVACITAT<\/u><\/strong><\/p>\n<p>D\u2019acord al que es disposa en el Reglament General de Protecci\u00f3 de Dades, (RGPD (UE) 2016\/679) aplicable a partir del 25 de maig de 2018,\u00a0<b><strong>Edilbert Molins Pons\u00a0\u00a0<\/strong><\/b> informa com a Responsable del Tractament de les Dades de Car\u00e0cter Personal que vost\u00e8 pugui facilitar de forma volunt\u00e0ria a trav\u00e9s d\u2019aquesta web, que aquests seran tractats respectant en tot moment la legalitat vigent.<\/p>\n<p><strong>DADES IDENTIFICATIVES<\/strong><\/p>\n<ul>\n<li>Identitat del responsable: EDILBERT MOLINS PONS<\/li>\n<li>Ra\u00f3 social:\u00a0EDILBERT MOLINS PONS<\/li>\n<li>NIF \/ CIF: 47700896T<\/li>\n<li>Adre\u00e7a electr\u00f2nica:\u00a0\u00a0info@nitrural.com<\/li>\n<\/ul>\n<ol>\n<li><strong>INFORMACI\u00d3 I CONSENTIMIENT<\/strong><\/li>\n<\/ol>\n<p>Mitjan\u00e7ant la lectura de la present Pol\u00edtica de Privacitat, l\u2019Usuari queda informat sobre la forma en qu\u00e8\u00a0<strong>Edilbert Molins Pons\u00a0<\/strong>\u00a0recapta, tracta i protegeix les dades de car\u00e0cter personal que li s\u00f3n facilitats a trav\u00e9s del lloc web\u00a0<strong>http:\/\/nitrural.com<\/strong>\u00a0(d\u2019ara endavant, el \u201clloc web\u201d), aix\u00ed com els propis de la seva connexi\u00f3 i navegaci\u00f3 a trav\u00e9s del Lloc web (d\u2019ara endavant, la \u201cnavegaci\u00f3\u201d) i aquelles altres dades que pugui facilitar en un futur a \u00a0<strong>Edilbert Molins Pons\u00a0<\/strong>a trav\u00e9s de qualsevol contracte de prestaci\u00f3 de serveis que celebri amb aquesta empresa.<\/p>\n<p>L\u2019Usuari ha de llegir amb atenci\u00f3 aquesta Pol\u00edtica de Privacitat, que ha estat redactada de forma clara i senzilla, per a facilitar la seva comprensi\u00f3, i determinar lliure i volunt\u00e0riament si desitja facilitar les seves dades personals, o els de tercers, a\u00a0<strong>Edilbert Molins Pons\u00a0<\/strong><\/p>\n<ol>\n<li><strong>OBLIGATORIETAT DE FACILITAR LES DADES.<\/strong><\/li>\n<\/ol>\n<p>Les dades sol\u00b7licitades en els formularis accessibles des del Lloc web de\u00a0<strong>Edilbert Molins Pons\u00a0\u00a0<\/strong><strong>\u00a0<\/strong>s\u00f3n, amb car\u00e0cter general, obligatoris (tret que en el camp requerit s\u2019especifiqui el contrari) per a complir amb les finalitats establertes. Per tant, si no es faciliten els mateixos, o no es faciliten correctament, no podran atendre\u2019s les sol\u00b7licituds realitzades a trav\u00e9s d\u2019aquests formularis.<\/p>\n<ol>\n<li><strong>AMB QUINA FINALITAT TRACTAR\u00c0 EDILBERT MOLINS PONS\u00a0TOTA \u00a0LES DADES PERSONALS DE L\u2019USUARI I DURANT QUANT TEMPS?<\/strong><\/li>\n<\/ol>\n<p>En funci\u00f3 de les sol\u00b7licituds de l\u2019Usuari, les dades personals recaptades seran tractats per<strong>\u00a0Edilbert Molins Pons\u00a0\u00a0<\/strong>conforme a les seg\u00fcents finalitats:<\/p>\n<ul>\n<li>Gestionar les sol\u00b7licituds de serveis dirigides per l\u2019Usuari.<\/li>\n<li>Gestionar la subscripci\u00f3 a la\u00a0newsletter\u00a0i posterior remissi\u00f3 d\u2019aquesta.<\/li>\n<li>Gestionar l\u2019enviament de comunicacions comercials personalitzades de\u00a0<strong>Edilbert Molins Pons\u00a0\u00a0<\/strong>, per mitjans electr\u00f2nics i\/o convencionals, en els casos en els quals l\u2019Usuari aix\u00ed ho consenti expressament.<\/li>\n<li>Gestionar la prestaci\u00f3 dels serveis contractats, aix\u00ed com de qualssevol serveis addicionals a aquest.<\/li>\n<li>Gestionar la realitzaci\u00f3 d\u2019enquestes i\/o avaluacions relatives a la qualitat dels serveis prestats per\u00a0<strong>Edilbert Molins Pons\u00a0\u00a0<\/strong>i\/o a la percepci\u00f3 de la seva imatge com a companyia<\/li>\n<\/ul>\n<p>Les dades de l\u2019Usuari seran conservats durant el termini necessari per al compliment de cada finalitat o fins que l\u2019Usuari sol\u00b7liciti la seva baixa a <strong>Edilbert Molins Pons\u00a0\u00a0<\/strong>, s\u2019oposi o arrebossat el seu consentiment.<\/p>\n<ol>\n<li><strong>QUINES DADES DE L\u2019USUARI TRACTAR\u00c0 EDILBERT MOLINS PONS\u00a0\u00a0?<\/strong><\/li>\n<\/ol>\n<p><strong>Edilbert Molins Pons\u00a0<\/strong>\u00a0podr\u00e0 tractar les seg\u00fcents categories de dades, en funci\u00f3 de la sol\u00b7licitud realitzada per l\u2019Usuari:<\/p>\n<ul>\n<li>Dades identificatives: nom, cognoms<\/li>\n<li>Dades de contacte: Adre\u00e7a postal, tel\u00e8fon m\u00f2bil, adre\u00e7a de correu electr\u00f2nic.<\/li>\n<li>Codis o claus d\u2019identificaci\u00f3 de l\u2019Usuari.<\/li>\n<li>Dades de caracter\u00edstiques personals: data de naixement, sexe, nacionalitat..<\/li>\n<li>Dades de prefer\u00e8ncies.<\/li>\n<li>Dades de geolocalitzaci\u00f3.<\/li>\n<\/ul>\n<p>En cas que l\u2019Usuari faciliti dades de tercers, manifesta comptar amb el consentiment dels mateixos i es compromet a traslladar a l\u2019interessat, titular d\u2019aquestes dades, la informaci\u00f3 continguda en la present Pol\u00edtica de Privacitat, eximint a\u00a0<strong>Edilbert Molins Pons\u00a0<\/strong>de tota responsabilitat en aquest sentit. No obstant aix\u00f2,\u00a0<strong>Edilbert Molins Pons\u00a0<\/strong>podr\u00e0 dur a terme les verificacions necess\u00e0ries per a constatar aquest fet, adoptant les mesures de dilig\u00e8ncia deguda que corresponguin, conforme a la normativa de protecci\u00f3 de dades.<\/p>\n<ol>\n<li><strong>QUINA \u00c9S LA LEGITIMACI\u00d3 DEL TRACTAMENT DE LES TEVES DADES?<\/strong><\/li>\n<\/ol>\n<p>Els tractaments de dades necess\u00e0ries per al compliment de les referides finalitats que precisin del consentiment de l\u2019Usuari per a la seva realitzaci\u00f3, no es duran a terme sense comptar amb aquest.<\/p>\n<p>Aix\u00ed mateix, en cas que l\u2019Usuari retir\u00e9s el seu consentiment a qualsevol dels tractaments, aix\u00f2 no afectar\u00e0 la licitud dels tractaments efectuats amb anterioritat.<\/p>\n<p>Per a revocar aquest consentiment, l\u2019Usuari podr\u00e0 contactar amb\u00a0<strong>Edilbert Molins Pons\u00a0<\/strong>a trav\u00e9s dels canals seg\u00fcents: Per mitj\u00e0 d\u2019un escrit dirigit a l\u2019adre\u00e7a postal que apareix en l\u2019encap\u00e7alament de la present pol\u00edtica, o b\u00e9 per mitj\u00e0 d\u2019un correu electr\u00f2nic a l\u2019adre\u00e7a\u00a0<strong>info@nitrural.com\u00a0<\/strong>\u00a0en tots dos casos amb la Refer\u00e8ncia \u201cProtecci\u00f3 de Dades\u201d.<\/p>\n<div class=\"traductor-textarea form-group\">\n<div class=\"textarea-desti col-xs-12 col-sm-6\">\n<div class=\"form-control second-textarea\">Aix\u00ed mateix, en els casos en els quals sigui necessari tractar les dades de l\u2019Usuari per al compliment d\u2019una obligaci\u00f3 legal o per a l\u2019execuci\u00f3 de la relaci\u00f3 contractual existent entre\u00a0<b><strong>Edilbert Molins Pons\u00a0<\/strong><\/b> \u00a0i l\u2019Usuari, el tractament es trobaria legitimat per ser necessari per al compliment d\u2019aquestes finalitats. Per part seva, el tractament dut a terme per a la realitzaci\u00f3 d\u2019enquestes i\/o avaluacions relatives a la qualitat dels serveis prestats per\u00a0<b>\u00a0<strong>Edilbert Molins Pons\u00a0<\/strong><\/b>\u00a0i\/o a la percepci\u00f3 de la seva imatge com a companyia es realitzar\u00e0 sobre la base de l\u2019inter\u00e8s leg\u00edtim del responsable.<\/div>\n<\/div>\n<\/div>\n<div class=\"traductor-checkbox form-group\"><\/div>\n<ol>\n<li><strong>A QUINS DESTINATARIS ES COMUNICARAN LES DADES DE L\u2019USUARI?<\/strong><\/li>\n<\/ol>\n<p>Les dades de l\u2019Usuari podran ser comunicats a:<\/p>\n<ul>\n<li>Empreses participades o del grup empresarial\u00a0<b><strong>Edilbert Molins Pons\u00a0\u00a0<\/strong><\/b> , \u00fanicament per a finalitats administratives internes i\/o per a les finalitats anteriorment indicades.<\/li>\n<li>Prove\u00efdors de\u00a0<b><strong>Edilbert Molins Pons\u00a0\u00a0<\/strong><\/b> que prestin a aquest serveis necessaris per a l\u2019adequat compliment de les obligacions legals i\/o de les finalitats anteriormentindicadas, aix\u00ed\u00a0 com al seu\u00a0<strong>prove\u00efdor de serveis web Bit64 Serveis inform\u00e0tics<\/strong>.<\/li>\n<li>Administracions P\u00fabliques, en els casos previstos per la Llei.<\/li>\n<\/ul>\n<p>Els destinataris indicats en el present apartat poden trobar-se situats dins o fora de l\u2019Espai Econ\u00f2mic Europeu, trobant-se en aquest \u00faltim cas degudament legitimades les transfer\u00e8ncies internacionals de dades.<\/p>\n<ol>\n<li><strong>RESPONSABILITAT DE L\u2019USUARI<\/strong><\/li>\n<\/ol>\n<p>L\u2019Usuari:<\/p>\n<ul>\n<li>Garanteix que \u00e9s major d\u2019edat o emancipat legalment si escau, plenament capa\u00e7, i que les dades que facilita a\u00a0<b><strong>Edilbert Molins Pons\u00a0\u00a0<\/strong><\/b>\u00a0s\u00f3n veritables, exactes, complets i actualitzats. A aquest efecte, l\u2019Usuari respon de la veracitat de totes les dades que comuniqui i mantindr\u00e0 convenientment actualitzada la informaci\u00f3 facilitada, de tal forma que respongui a la seva situaci\u00f3 real.<\/li>\n<li>Garanteix que ha informat els tercers dels quals faciliti les seves dades, en cas de fer-ho, dels aspectes continguts en aquest document. Aix\u00ed mateix, garanteix que ha obtingut la seva autoritzaci\u00f3 per a facilitar les seves dades a\u00a0<b><strong>Edilbert Molins Pons\u00a0\u00a0<\/strong><\/b>\u00a0per a les finalitats assenyalades.<\/li>\n<li>Ser\u00e0 responsable de les informacions falses o inexactes que proporcioni a trav\u00e9s del Lloc web i dels danys i perjudicis, directes o indirectes, que aix\u00f2 causi a\u00a0<b><strong>Edilbert Molins Pons\u00a0\u00a0<\/strong><\/b>\u00a0o a tercers.<\/li>\n<\/ul>\n<ol>\n<li><strong>COMUNICACIONS\u00a0<\/strong><\/li>\n<\/ol>\n<p>Una de les finalitats per a les quals\u00a0<b><strong>Edilbert Molins Pons\u00a0\u00a0<\/strong><\/b>. tracta les dades de l\u2019Usuari ser\u00e0 per a l\u2019enviament de comunicacions , per mitjans electr\u00f2nics i\/o convencionals, amb informaci\u00f3 relativa a les activitats que organitza, o not\u00edcies rellevants per a l\u2019Usuari. Sempre que es realitzi alguna comunicaci\u00f3 d\u2019aquest tipus, aquesta ser\u00e0 dirigida \u00fanica i exclusivament a aquells Usuaris que haguessin autoritzat expressament la seva recepci\u00f3.<\/p>\n<p>Per a dur a terme la labor anterior,\u00a0<b><strong>Edilbert Molins Pons\u00a0\u00a0<\/strong><\/b>podr\u00e0 analitzar les dades obtingudes, a fi d\u2019elaborar perfils d\u2019Usuari que permetin definir amb major detall les activitats que puguin resultar del seu inter\u00e8s.<\/p>\n<p>En cas que l\u2019Usuari desitgi deixar de rebre comunicacions per part de\u00a0<b><strong>Edilbert Molins Pons\u00a0<\/strong><\/b> pot sol\u00b7licitar la baixa del servei enviant un email a la seg\u00fcent adre\u00e7a de correu electr\u00f2nic:<strong>\u00a0info@nitrural.com<\/strong> aix\u00ed com indicant la seva negativa a la recepci\u00f3 de les mateixes mitjan\u00e7ant l\u2019opci\u00f3 de baixa proporcionada en cadascuna de les comunicacions remeses.<\/p>\n<ol>\n<li><strong>DADES DE GEOLOCALITZACI\u00d3<\/strong><\/li>\n<\/ol>\n<p>Algunes de les funcionalitats del Lloc web de <b><strong>Edilbert Molins Pons\u00a0\u00a0<\/strong><\/b>permeten la geolocalitzaci\u00f3 del dispositiu (Tablet, Tel\u00e8fon intel\u00b7ligent, etc.) des del qual s\u2019accedeixi a aquest.<\/p>\n<p>L\u2019Usuari podr\u00e0 deshabilitar est\u00e0 opci\u00f3 directament en el propi dispositiu, no obstant aix\u00f2, la desactivaci\u00f3 d\u2019aquesta opci\u00f3 podr\u00e0 impedir l\u2019\u00fas d\u2019algunes de les funcionalitats del Lloc web.<\/p>\n<ol>\n<li><strong>EXERCICI DE DRETS<\/strong><\/li>\n<\/ol>\n<p>L\u2019Usuari pot enviar un escrit a \u00a0<b><strong>Edilbert Molins Pons\u00a0<\/strong><\/b>\u00a0 C\/ Verge de Montserrat, 1 CP 08461 Sant Esteve de Palautordera\u00a0 o b\u00e9 per mitj\u00e0 d\u2019un correu electr\u00f2nic a l\u2019adre\u00e7a\u00a0info@nitrural.com, en tots dos casos, amb la Refer\u00e8ncia \u201cProtecci\u00f3 de Dades\u201d, adjuntant fotoc\u00f2pia del seu document d\u2019identitat o passaport en vigor, en qualsevol moment i de manera gratu\u00efta, per a:<\/p>\n<ul>\n<li>Revocar els consentiments atorgats.<\/li>\n<li>Obtenir confirmaci\u00f3 sobre si en\u00a0<b><strong>Edilbert Molins Pons\u00a0\u00a0<\/strong><\/b>\u00a0s\u2019estan tractant dades personals que concerneixen l\u2019Usuari o no.<\/li>\n<li>Accedir a les seves dades personals.<\/li>\n<li>Rectificar les dades inexactes o incompletes.<\/li>\n<li>Sol\u00b7licitar la supressi\u00f3 de les seves dades quan, entre altres motius, les dades ja no siguin necessaris per a les finalitats que van ser recollits.<\/li>\n<li>Obtenir de<strong>\u00a0<b>Edilbert Molins Pons\u00a0\u00a0<\/b><\/strong>la limitaci\u00f3 del tractament de les dades quan es compleixi alguna de les condicions previstes en la normativa de protecci\u00f3 de dades.<\/li>\n<li>Obtenir intervenci\u00f3 humana, a expressar el seu punt de vista i a impugnar les decisions automatitzades a adoptades per part de\u00a0<b><strong>Edilbert Molins Pons\u00a0\u00a0<\/strong><\/b><strong>.<\/strong><\/li>\n<li>Sol\u00b7licitar la portabilitat de les teves dades.<\/li>\n<\/ul>\n<p>Aix\u00ed mateix, s\u2019informa l\u2019usuari que en qualsevol moment podr\u00e0 interposar una reclamaci\u00f3 relativa a la protecci\u00f3 de les seves dades personals davant l\u2019Autoritat de control competent.<\/p>\n<ol>\n<li><strong>MESURES DE SEGURETAT<\/strong><\/li>\n<\/ol>\n<div class=\"traductor-textarea form-group\">\n<div class=\"textarea-desti col-xs-12 col-sm-6\">\n<div class=\"form-control second-textarea\"><b><strong>Edilbert Molins Pons\u00a0\u00a0<\/strong><\/b>tractar\u00e0 les dades de l\u2019Usuari en tot moment de forma absolutament confidencial i guardant el preceptiu haver de secret respecte d\u2019aquests, de conformitat amb el que es preveu en la normativa d\u2019aplicaci\u00f3, adoptant a aquest efecte les mesures d\u2019\u00edndole t\u00e8cnica i organitzatives necess\u00e0ries que garanteixin la seguretat de les seves dades i evitin la seva alteraci\u00f3, p\u00e8rdua, tractament o acc\u00e9s no autoritzat, tenint en compte de l\u2019estat de la tecnologia, la naturalesa de les dades emmagatzemades i els riscos al fet que estan exposats.<\/div>\n<\/div>\n<\/div>\n<\/div>\n","protected":false},"excerpt":{"rendered":"<p>AVIS LEGAL &nbsp; DADES IDENTIFICATIVES Identitat del responsable: EDILBERT MOLINS PONS Ra\u00f3 social:\u00a0EDILBERT MOLINS PONS NIF \/ CIF: 47700896T Adre\u00e7a electr\u00f2nica:\u00a0\u00a0info@nitrural.com TERMES GENERALS D&#8217;\u00daS L&#8217;acc\u00e9s i\/o \u00fas d&#8217;aquest P\u00e0gina Web atribueix la condici\u00f3 d&#8217;Usuari, que accepta els termes i condicions generals d&#8217;\u00fas per a poder usar tots els serveis i informaci\u00f3 que es faciliten. Les [&hellip;]<\/p>\n","protected":false},"author":1,"featured_media":0,"parent":0,"menu_order":0,"comment_status":"closed","ping_status":"closed","template":"","meta":[],"_links":{"self":[{"href":"https:\/\/www.nitrural.com\/index.php?rest_route=\/wp\/v2\/pages\/526"}],"collection":[{"href":"https:\/\/www.nitrural.com\/index.php?rest_route=\/wp\/v2\/pages"}],"about":[{"href":"https:\/\/www.nitrural.com\/index.php?rest_route=\/wp\/v2\/types\/page"}],"author":[{"embeddable":true,"href":"https:\/\/www.nitrural.com\/index.php?rest_route=\/wp\/v2\/users\/1"}],"replies":[{"embeddable":true,"href":"https:\/\/www.nitrural.com\/index.php?rest_route=%2Fwp%2Fv2%2Fcomments&post=526"}],"version-history":[{"count":7,"href":"https:\/\/www.nitrural.com\/index.php?rest_route=\/wp\/v2\/pages\/526\/revisions"}],"predecessor-version":[{"id":580,"href":"https:\/\/www.nitrural.com\/index.php?rest_route=\/wp\/v2\/pages\/526\/revisions\/580"}],"wp:attachment":[{"href":"https:\/\/www.nitrural.com\/index.php?rest_route=%2Fwp%2Fv2%2Fmedia&parent=526"}],"curies":[{"name":"wp","href":"https:\/\/api.w.org\/{rel}","templated":true}]}}