{"id":34,"date":"2017-04-15T10:12:41","date_gmt":"2017-04-15T10:12:41","guid":{"rendered":"http:\/\/www.nitrural.com\/?page_id=34"},"modified":"2023-03-31T14:37:18","modified_gmt":"2023-03-31T14:37:18","slug":"34-2","status":"publish","type":"page","link":"https:\/\/www.nitrural.com\/?page_id=34","title":{"rendered":"Galeria de Fotos"},"content":{"rendered":"<p>\r\n\t\t\t\t\t\n\r\n\t\t\t\t\t<!-- START UNITE GALLERY LITE 1.7.54 -->\r\n\t\t\t\t\t\r\n\t\t\t\t\n\t\t\t<div id='unitegallery_1_1' class='unite-gallery' style='margin:0px auto;'>\n\t\t\t\t\n\n\t\t\t\t\t\t<img alt=\"Habfestejador\"\n\t\t\t\t\t\t     src=\"\" data-image=\"https:\/\/www.nitrural.com\/wp-content\/uploads\/2017\/04\/Habfestejador-1.jpg\"\n\t\t\t\t\t\t     data-thumb=\"https:\/\/www.nitrural.com\/wp-content\/uploads\/2017\/04\/Habfestejador-1-300x200.jpg\"\n\t\t\t\t\t\t     title=\"\"\n\t\t\t\t\t\t     style=\"display:none\">\n\n\t\t\t\t\t\t<img alt=\"Cuina\"\n\t\t\t\t\t\t     src=\"\" data-image=\"https:\/\/www.nitrural.com\/wp-content\/uploads\/2017\/04\/Cuina.jpg\"\n\t\t\t\t\t\t     data-thumb=\"https:\/\/www.nitrural.com\/wp-content\/uploads\/2017\/04\/Cuina-300x200.jpg\"\n\t\t\t\t\t\t     title=\"\"\n\t\t\t\t\t\t     style=\"display:none\">\n\n\t\t\t\t\t\t<img alt=\"Hab1\"\n\t\t\t\t\t\t     src=\"\" data-image=\"https:\/\/www.nitrural.com\/wp-content\/uploads\/2017\/04\/Hab1.jpg\"\n\t\t\t\t\t\t     data-thumb=\"https:\/\/www.nitrural.com\/wp-content\/uploads\/2017\/04\/Hab1-300x200.jpg\"\n\t\t\t\t\t\t     title=\"\"\n\t\t\t\t\t\t     style=\"display:none\">\n\n\t\t\t\t\t\t<img alt=\"Cuina2\"\n\t\t\t\t\t\t     src=\"\" data-image=\"https:\/\/www.nitrural.com\/wp-content\/uploads\/2017\/04\/Cuina2.jpg\"\n\t\t\t\t\t\t     data-thumb=\"https:\/\/www.nitrural.com\/wp-content\/uploads\/2017\/04\/Cuina2-300x200.jpg\"\n\t\t\t\t\t\t     title=\"\"\n\t\t\t\t\t\t     style=\"display:none\">\n\n\t\t\t\t\t\t<img alt=\"Menjador3\"\n\t\t\t\t\t\t     src=\"\" data-image=\"https:\/\/www.nitrural.com\/wp-content\/uploads\/2017\/04\/Menjador3.jpg\"\n\t\t\t\t\t\t     data-thumb=\"https:\/\/www.nitrural.com\/wp-content\/uploads\/2017\/04\/Menjador3-300x200.jpg\"\n\t\t\t\t\t\t     title=\"\"\n\t\t\t\t\t\t     style=\"display:none\">\n\n\t\t\t\t\t\t<img alt=\"Menjador\"\n\t\t\t\t\t\t     src=\"\" data-image=\"https:\/\/www.nitrural.com\/wp-content\/uploads\/2017\/04\/Menjador.jpg\"\n\t\t\t\t\t\t     data-thumb=\"https:\/\/www.nitrural.com\/wp-content\/uploads\/2017\/04\/Menjador-300x200.jpg\"\n\t\t\t\t\t\t     title=\"\"\n\t\t\t\t\t\t     style=\"display:none\">\n\n\t\t\t\t\t\t<img alt=\"Menjador2\"\n\t\t\t\t\t\t     src=\"\" data-image=\"https:\/\/www.nitrural.com\/wp-content\/uploads\/2017\/04\/Menjador2.jpg\"\n\t\t\t\t\t\t     data-thumb=\"https:\/\/www.nitrural.com\/wp-content\/uploads\/2017\/04\/Menjador2-300x200.jpg\"\n\t\t\t\t\t\t     title=\"\"\n\t\t\t\t\t\t     style=\"display:none\">\n\n\t\t\t\t\t\t<img alt=\"Bany2\"\n\t\t\t\t\t\t     src=\"\" data-image=\"https:\/\/www.nitrural.com\/wp-content\/uploads\/2017\/04\/Bany2.jpg\"\n\t\t\t\t\t\t     data-thumb=\"https:\/\/www.nitrural.com\/wp-content\/uploads\/2017\/04\/Bany2-300x200.jpg\"\n\t\t\t\t\t\t     title=\"\"\n\t\t\t\t\t\t     style=\"display:none\">\n\n\t\t\t\t\t\t<img alt=\"Bany1\"\n\t\t\t\t\t\t     src=\"\" data-image=\"https:\/\/www.nitrural.com\/wp-content\/uploads\/2017\/04\/Bany1.jpg\"\n\t\t\t\t\t\t     data-thumb=\"https:\/\/www.nitrural.com\/wp-content\/uploads\/2017\/04\/Bany1-300x200.jpg\"\n\t\t\t\t\t\t     title=\"\"\n\t\t\t\t\t\t     style=\"display:none\">\n\n\t\t\t\t\t\t<img alt=\"IMG_20130827_113820\"\n\t\t\t\t\t\t     src=\"\" data-image=\"https:\/\/www.nitrural.com\/wp-content\/uploads\/2017\/04\/IMG_20130827_113820.jpg\"\n\t\t\t\t\t\t     data-thumb=\"https:\/\/www.nitrural.com\/wp-content\/uploads\/2017\/04\/IMG_20130827_113820-300x225.jpg\"\n\t\t\t\t\t\t     title=\"\"\n\t\t\t\t\t\t     style=\"display:none\">\n\n\t\t\t\t\t\t<img alt=\"IMG_20130827_113308\"\n\t\t\t\t\t\t     src=\"\" data-image=\"https:\/\/www.nitrural.com\/wp-content\/uploads\/2017\/04\/IMG_20130827_113308.jpg\"\n\t\t\t\t\t\t     data-thumb=\"https:\/\/www.nitrural.com\/wp-content\/uploads\/2017\/04\/IMG_20130827_113308-300x225.jpg\"\n\t\t\t\t\t\t     title=\"\"\n\t\t\t\t\t\t     style=\"display:none\">\n\n\t\t\t\t\t\t<img alt=\"Habfestejador\"\n\t\t\t\t\t\t     src=\"\" data-image=\"https:\/\/www.nitrural.com\/wp-content\/uploads\/2017\/04\/Habfestejador.jpg\"\n\t\t\t\t\t\t     data-thumb=\"https:\/\/www.nitrural.com\/wp-content\/uploads\/2017\/04\/Habfestejador-300x200.jpg\"\n\t\t\t\t\t\t     title=\"\"\n\t\t\t\t\t\t     style=\"display:none\">\n\t\t\t<\/div>\n\n\t\t\t<script type='text\/javascript'>\n\t\t\t\twindow.onload = function(e) {\n\t\t\t\t\tif(typeof ugCheckForErrors == \"undefined\"){\n\t\t\t\t\t\tdocument.getElementById(\"unitegallery_1_1\").innerHTML = \"<span style='color:red'>Unite Gallery Error - gallery js and css files not included in the footer. Please make sure that wp_footer() function is added to your theme.<\/span>\";}\n\t\t\t\t\telse{ ugCheckForErrors(\"unitegallery_1_1\", \"jquery\");}\n\t\t\t\t};\n\t\t\t<\/script>\n\n\t\t\t<!-- END UNITEGALLERY LITE--><\/p>\n<p>&nbsp;<\/p>\n<p><a href=\"http:\/\/www.nitrural.com\/wp-content\/uploads\/2017\/04\/Habfestejador-1.jpg\"><img loading=\"lazy\" class=\"alignnone wp-image-52\" src=\"http:\/\/www.nitrural.com\/wp-content\/uploads\/2017\/04\/Menjador2-300x200.jpg\" alt=\"\" width=\"255\" height=\"170\" srcset=\"https:\/\/www.nitrural.com\/wp-content\/uploads\/2017\/04\/Menjador2-300x200.jpg 300w, https:\/\/www.nitrural.com\/wp-content\/uploads\/2017\/04\/Menjador2.jpg 639w\" sizes=\"(max-width: 255px) 100vw, 255px\" \/> <img loading=\"lazy\" class=\" wp-image-57 alignnone\" src=\"http:\/\/www.nitrural.com\/wp-content\/uploads\/2017\/04\/Habfestejador-1-300x200.jpg\" alt=\"\" width=\"254\" height=\"169\" srcset=\"https:\/\/www.nitrural.com\/wp-content\/uploads\/2017\/04\/Habfestejador-1-300x200.jpg 300w, https:\/\/www.nitrural.com\/wp-content\/uploads\/2017\/04\/Habfestejador-1.jpg 639w\" sizes=\"(max-width: 254px) 100vw, 254px\" \/><\/a> <a href=\"http:\/\/www.nitrural.com\/wp-content\/uploads\/2017\/04\/Hab1.jpg\"><img loading=\"lazy\" class=\"alignnone wp-image-54\" src=\"http:\/\/www.nitrural.com\/wp-content\/uploads\/2017\/04\/Hab1-300x200.jpg\" alt=\"\" width=\"251\" height=\"167\" srcset=\"https:\/\/www.nitrural.com\/wp-content\/uploads\/2017\/04\/Hab1-300x200.jpg 300w, https:\/\/www.nitrural.com\/wp-content\/uploads\/2017\/04\/Hab1.jpg 639w\" sizes=\"(max-width: 251px) 100vw, 251px\" \/> \u00a0<\/a><a href=\"http:\/\/www.nitrural.com\/wp-content\/uploads\/2017\/04\/Cuina.jpg\"><img loading=\"lazy\" class=\"alignnone wp-image-56\" src=\"http:\/\/www.nitrural.com\/wp-content\/uploads\/2017\/04\/Cuina-300x200.jpg\" alt=\"\" width=\"251\" height=\"167\" srcset=\"https:\/\/www.nitrural.com\/wp-content\/uploads\/2017\/04\/Cuina-300x200.jpg 300w, https:\/\/www.nitrural.com\/wp-content\/uploads\/2017\/04\/Cuina.jpg 639w\" sizes=\"(max-width: 251px) 100vw, 251px\" \/>\u00a0 <\/a><\/p>\n<p><a href=\"http:\/\/www.nitrural.com\/wp-content\/uploads\/2017\/04\/Cuina2.jpg\"><img loading=\"lazy\" class=\"alignnone wp-image-55\" src=\"http:\/\/www.nitrural.com\/wp-content\/uploads\/2017\/04\/Cuina2-300x200.jpg\" alt=\"\" width=\"251\" height=\"167\" srcset=\"https:\/\/www.nitrural.com\/wp-content\/uploads\/2017\/04\/Cuina2-300x200.jpg 300w, https:\/\/www.nitrural.com\/wp-content\/uploads\/2017\/04\/Cuina2.jpg 639w\" sizes=\"(max-width: 251px) 100vw, 251px\" \/> <\/a><a href=\"http:\/\/www.nitrural.com\/wp-content\/uploads\/2017\/04\/Bany2.jpg\"><img loading=\"lazy\" class=\"alignnone wp-image-49\" src=\"http:\/\/www.nitrural.com\/wp-content\/uploads\/2017\/04\/Bany2-300x200.jpg\" alt=\"\" width=\"249\" height=\"166\" srcset=\"https:\/\/www.nitrural.com\/wp-content\/uploads\/2017\/04\/Bany2-300x200.jpg 300w, https:\/\/www.nitrural.com\/wp-content\/uploads\/2017\/04\/Bany2.jpg 639w\" sizes=\"(max-width: 249px) 100vw, 249px\" \/>\u00a0 \u00a0<\/a> <a href=\"http:\/\/www.nitrural.com\/wp-content\/uploads\/2017\/04\/LlardeFoc.jpg\"><img loading=\"lazy\" class=\"alignnone wp-image-441\" src=\"http:\/\/www.nitrural.com\/wp-content\/uploads\/2017\/04\/LlardeFoc-300x200.jpg\" alt=\"\" width=\"248\" height=\"165\" srcset=\"https:\/\/www.nitrural.com\/wp-content\/uploads\/2017\/04\/LlardeFoc-300x200.jpg 300w, https:\/\/www.nitrural.com\/wp-content\/uploads\/2017\/04\/LlardeFoc.jpg 639w\" sizes=\"(max-width: 248px) 100vw, 248px\" \/>\u00a0 <\/a><a href=\"http:\/\/www.nitrural.com\/wp-content\/uploads\/2017\/05\/Menjador.jpg\"><img loading=\"lazy\" class=\"alignnone wp-image-164\" src=\"http:\/\/www.nitrural.com\/wp-content\/uploads\/2017\/05\/Menjador-300x200.jpg\" alt=\"\" width=\"251\" height=\"167\" srcset=\"https:\/\/www.nitrural.com\/wp-content\/uploads\/2017\/05\/Menjador-300x200.jpg 300w, https:\/\/www.nitrural.com\/wp-content\/uploads\/2017\/05\/Menjador.jpg 639w\" sizes=\"(max-width: 251px) 100vw, 251px\" \/><\/a><\/p>\n<p><a href=\"http:\/\/www.nitrural.com\/wp-content\/uploads\/2017\/08\/IMG_20170511_124751439.jpg\"><img loading=\"lazy\" class=\"alignnone size-medium wp-image-400\" src=\"http:\/\/www.nitrural.com\/wp-content\/uploads\/2017\/08\/IMG_20170511_124751439-300x169.jpg\" alt=\"\" width=\"300\" height=\"169\" srcset=\"https:\/\/www.nitrural.com\/wp-content\/uploads\/2017\/08\/IMG_20170511_124751439-300x169.jpg 300w, https:\/\/www.nitrural.com\/wp-content\/uploads\/2017\/08\/IMG_20170511_124751439-768x432.jpg 768w, https:\/\/www.nitrural.com\/wp-content\/uploads\/2017\/08\/IMG_20170511_124751439-1024x576.jpg 1024w, https:\/\/www.nitrural.com\/wp-content\/uploads\/2017\/08\/IMG_20170511_124751439.jpg 1047w\" sizes=\"(max-width: 300px) 100vw, 300px\" \/>\u00a0\u00a0 <\/a><a href=\"http:\/\/www.nitrural.com\/wp-content\/uploads\/2017\/08\/IMG_20170511_124729060.jpg\"><img loading=\"lazy\" class=\"alignnone size-medium wp-image-399\" src=\"http:\/\/www.nitrural.com\/wp-content\/uploads\/2017\/08\/IMG_20170511_124729060-300x169.jpg\" alt=\"\" width=\"300\" height=\"169\" srcset=\"https:\/\/www.nitrural.com\/wp-content\/uploads\/2017\/08\/IMG_20170511_124729060-300x169.jpg 300w, https:\/\/www.nitrural.com\/wp-content\/uploads\/2017\/08\/IMG_20170511_124729060-768x432.jpg 768w, https:\/\/www.nitrural.com\/wp-content\/uploads\/2017\/08\/IMG_20170511_124729060-1024x576.jpg 1024w, https:\/\/www.nitrural.com\/wp-content\/uploads\/2017\/08\/IMG_20170511_124729060.jpg 1047w\" sizes=\"(max-width: 300px) 100vw, 300px\" \/>\u00a0 <\/a><a href=\"http:\/\/www.nitrural.com\/wp-content\/uploads\/2017\/08\/IMG_20170511_124729060.jpg\"><br \/>\n<\/a><\/p>\n<p>&nbsp;<\/p>\n<p><strong>Caracter\u00edstiques de la Casa Rural Ca l&#8217;Estrada<br \/>\n<\/strong><\/p>\n<p>La casa consta de: 1 Habitaci\u00f3 doble. 1 Habitaci\u00f3 Tripla. 2 Banys complets (banyera i dutxa). Cuina equipada i menjador-sala d\u00b4estar. Terrassa amb barbacoa. Jard\u00ed exclusiu per als clients.<\/p>\n<p><strong>Exterior<\/strong>: Terrassa de 80m2.Mobles de jard\u00ed. Connexi\u00f3 Internet WI-FI gratu\u00eft\u00a0 a tota la casa i \u00e0rea de jard\u00ed.<\/p>\n<p><strong>Interior<\/strong>: Sala d&#8217;estar amb TV plana. Cuina amb forn, microones, vitrocer\u00e0mica d&#8217;inducci\u00f3, rentaplats, cafetera Dolce Gusto, torradora de pa, tetera, minipimer. Utensilis b\u00e0sics de cuina (plats, gots, paelles,estris varis)\u00a0\u00a0 Banys amb tovalloles, assecador de cabell, sab\u00f3 de mans, paper wc. Llen\u00e7ols i mantes a les habitacions.<\/p>\n<p>Climatitzaci\u00f3: Llar de foc al menjador. Sistema de calefacci\u00f3 i bombes de calor. Aire condicionat a les habitacions<\/p>\n<p>Preu base: 120\u20ac de diumenge a dijous. 150\u20ac divendres i dissabte (Caps de setmana m\u00ednim de dues nits).<\/p>\n<p>Suplements no inclosos al preu base: Sortida &#8220;late check&#8221; fins a les 18h \/\/ Mascotes \/\/Pack Nad\u00f3 \/\/Opci\u00f3 4rt llit.<\/p>\n<p>(Per al Pack Nad\u00f3 cal petici\u00f3 pr\u00e8via. Consta de llit-bressol amb trona)<\/p>\n<p>S&#8217;admet una \u00fanica mascota per reserva. Cal petici\u00f3 pr\u00e8via. Comporta un suplement en el preu final<\/p>\n<div>\n<ul>\n<li><strong>Idiomes<\/strong>: Catal\u00e0,Angl\u00e8s i Castell\u00e0.<\/li>\n<li><strong>Situaci\u00f3: <\/strong>A prop del bosc i la muntanya. Al casc urb\u00e0. Acc\u00e9s asfaltat. Acc\u00e9s amb transport p\u00fablic.<\/li>\n<li><strong>Entrada<\/strong>: A partir de les 13h o les 15h<\/li>\n<li><strong>Sortida:<\/strong> Fins a les 12h o les 18h\u00a0 (Consultar condicions)<\/li>\n<\/ul>\n<\/div>\n<h3><a name=\"TOC--\"><\/a><a href=\"http:\/\/www.nitrural.com\/wp-content\/uploads\/2017\/06\/caracteristiques.png\"><img loading=\"lazy\" class=\"alignnone wp-image-382\" src=\"http:\/\/www.nitrural.com\/wp-content\/uploads\/2017\/06\/caracteristiques-300x219.png\" alt=\"\" width=\"301\" height=\"220\" srcset=\"https:\/\/www.nitrural.com\/wp-content\/uploads\/2017\/06\/caracteristiques-300x219.png 300w, https:\/\/www.nitrural.com\/wp-content\/uploads\/2017\/06\/caracteristiques-768x562.png 768w, https:\/\/www.nitrural.com\/wp-content\/uploads\/2017\/06\/caracteristiques.png 924w\" sizes=\"(max-width: 301px) 100vw, 301px\" \/>\u00a0\u00a0\u00a0 <\/a><a href=\"http:\/\/www.nitrural.com\/wp-content\/uploads\/2017\/04\/Embassament_Vallmanya.bmp\"><img loading=\"lazy\" class=\"alignnone wp-image-261\" src=\"http:\/\/www.nitrural.com\/wp-content\/uploads\/2017\/04\/Embassament_Vallmanya.bmp\" alt=\"\" width=\"371\" height=\"278\" \/><\/a><\/h3>\n","protected":false},"excerpt":{"rendered":"<p>&nbsp; \u00a0\u00a0 \u00a0 \u00a0 \u00a0 \u00a0\u00a0 \u00a0 &nbsp; Caracter\u00edstiques de la Casa Rural Ca l&#8217;Estrada La casa consta de: 1 Habitaci\u00f3 doble. 1 Habitaci\u00f3 Tripla. 2 Banys complets (banyera i dutxa). Cuina equipada i menjador-sala d\u00b4estar. Terrassa amb barbacoa. Jard\u00ed exclusiu per als clients. Exterior: Terrassa de 80m2.Mobles de jard\u00ed. Connexi\u00f3 Internet WI-FI gratu\u00eft\u00a0 a [&hellip;]<\/p>\n","protected":false},"author":1,"featured_media":0,"parent":0,"menu_order":0,"comment_status":"closed","ping_status":"closed","template":"page-templates\/page-nosidebars.php","meta":[],"_links":{"self":[{"href":"https:\/\/www.nitrural.com\/index.php?rest_route=\/wp\/v2\/pages\/34"}],"collection":[{"href":"https:\/\/www.nitrural.com\/index.php?rest_route=\/wp\/v2\/pages"}],"about":[{"href":"https:\/\/www.nitrural.com\/index.php?rest_route=\/wp\/v2\/types\/page"}],"author":[{"embeddable":true,"href":"https:\/\/www.nitrural.com\/index.php?rest_route=\/wp\/v2\/users\/1"}],"replies":[{"embeddable":true,"href":"https:\/\/www.nitrural.com\/index.php?rest_route=%2Fwp%2Fv2%2Fcomments&post=34"}],"version-history":[{"count":36,"href":"https:\/\/www.nitrural.com\/index.php?rest_route=\/wp\/v2\/pages\/34\/revisions"}],"predecessor-version":[{"id":617,"href":"https:\/\/www.nitrural.com\/index.php?rest_route=\/wp\/v2\/pages\/34\/revisions\/617"}],"wp:attachment":[{"href":"https:\/\/www.nitrural.com\/index.php?rest_route=%2Fwp%2Fv2%2Fmedia&parent=34"}],"curies":[{"name":"wp","href":"https:\/\/api.w.org\/{rel}","templated":true}]}}