{"id":14,"date":"2017-04-15T09:44:07","date_gmt":"2017-04-15T09:44:07","guid":{"rendered":"http:\/\/www.nitrural.com\/?page_id=14"},"modified":"2022-04-08T13:24:53","modified_gmt":"2022-04-08T13:24:53","slug":"caracteristiques","status":"publish","type":"page","link":"https:\/\/www.nitrural.com\/","title":{"rendered":"Inici"},"content":{"rendered":"<div><b><span style=\"font-size: medium;\">Nit Rural Ca l\u00b4Estrada<\/span><\/b><\/div>\n<div>\n<ul>\n<li><span style=\"font-size: small;\"><b>Inscrit al registre de Turisme de Catalunya amb el n\u00famero HUTB-007959<\/b><\/span><\/li>\n<\/ul>\n<ul>\n<li style=\"list-style-type: none;\">\n<ul>Allotjament rural .Lloguer \u00edntegre de casa rural amb terrassa i jard\u00ed vallat. Capacitat per a 5-6 persones<\/p>\n<li style=\"list-style-type: none;\">\n<ul>1 Habitaci\u00f3 doble. 1 Habitaci\u00f3 Tripla. 2 Banys complets. \u00c0mplia cuina equipada i menjador-sala d\u00b4estar<\/ul>\n<\/li>\n<\/ul>\n<\/li>\n<\/ul>\n<div><span style=\"color: #007f00;\"><b><br \/>\n<\/b><\/span><span style=\"font-size: small;\">5\u00a0places \u00a0&#8211; 31EUR \/\u00a0persona i nit (aprox.) No inclou l\u00b4impost municipal (0,50EUR per persona i nit)<\/span><span style=\"font-size: small;\">Sant Esteve de Palautordera, Baix Montseny. Barcelona (Catalunya)<\/span><span style=\"font-size: small;\">Per a m\u00e9s informaci\u00f3 i reserves:<br \/>\n<\/span><span style=\"font-size: small;\">Tel\u00e8fon de contacte: 608 907 484\u00a0<\/span><\/p>\n<p><span style=\"font-size: small;\">Adre\u00e7a electr\u00f2nica:\u00a0info@nitrural.com<br \/>\n<\/span><\/p>\n<div>\n<p><span style=\"font-size: medium;\"><b>Caracter\u00edstiques<\/b><\/span><\/p>\n<div>\n<ul>\n<li><span style=\"font-size: small;\"><b>Exterior:<\/b> Jard\u00ed vallat.Terrassa per a barbacoes,\u00a0 Mobles de jard\u00ed,\u00a0 Zona d\u00b4aparcament al mateix carrer<\/span><\/li>\n<li><span style=\"font-size: small;\"><b>Interior:<\/b>\u00a0Aire condicionat, Calefacci\u00f3, Menjador i sala d\u00b4estar amb TV i llar de foc, Cuina \u00a0amb microones, Nevera,\u00a0<\/span>Forn, Vitrocer\u00e0mica d&#8217;inducci\u00f3 ,Rentaplats, Cafetera de c\u00e0psules Dolce Gusto.<\/li>\n<li>Bany complet amb banyera i bany amb dutxa. Assecador de cabell.<\/li>\n<li>La casa disposa de roba de llar (llen\u00e7ols, mantes i tovalloles) i utensilis b\u00e0sics de cuina.<\/li>\n<li>Llit-bressol i trones amb petici\u00f3 pr\u00e8via. Pot comportar un suplement.<\/li>\n<li><span style=\"font-size: small;\"><b>Serveis:<\/b> Acc\u00e9s a Internet Wi-Fi gratis a tota la casa.<\/span><\/li>\n<li><span style=\"font-size: small;\"><b>Idiomes:<\/b>\u00a0Catal\u00e0, Angl\u00e8s,Espanyol.\u00a0<\/span><\/li>\n<li><span style=\"font-size: small;\"><b>Situaci\u00f3:\u00a0<\/b>\u00a0A prop del bosc i la muntanya, Al casc urb\u00e0,\u00a0 Acc\u00e9s asfaltat, Acc\u00e9s amb transport p\u00fablic\u00a0<\/span><\/li>\n<\/ul>\n<\/div>\n<h3><a name=\"TOC--\"><\/a><\/h3>\n<h3><\/h3>\n<h2><a name=\"TOC-Condicions-\"><\/a><span style=\"font-size: medium;\"><a name=\"TOC-Condicions-\"><\/a>Condicions\u00a0<\/span><\/h2>\n<div><span style=\"font-size: large;\">\u00a0 \u00a0\u00a0<\/span><span style=\"font-size: small;\"><b>Entrada<\/b>\u00a0\u00a0 \u00a0\u00a0\u00a0 \u00a0\u00a0 \u00a0 A partir de les 15h<\/span><\/div>\n<div>\n<p><span style=\"font-size: small;\">\u00a0 \u00a0 \u00a0<b>Sortida<\/b> \u00a0 \u00a0\u00a0\u00a0 \u00a0\u00a0\u00a0 \u00a0\u00a0Fins a les\u00a0 12h o les 18h<\/span><\/p>\n<p>L\u00b4establiment accepta una sola mascota per reserva i sota petici\u00f3 pr\u00e8via. Pot comportar un suplement.<\/p>\n<\/div>\n<div><span style=\"font-size: small;\">\u00a0<\/span><\/div>\n<div><span style=\"font-size: small;\">\u00a0<\/span><\/div>\n<div><span style=\"font-size: small;\">\u00a0<\/span><\/div>\n<\/div>\n<\/div>\n<\/div>\n<div><\/div>\n","protected":false},"excerpt":{"rendered":"<p>Nit Rural Ca l\u00b4Estrada Inscrit al registre de Turisme de Catalunya amb el n\u00famero HUTB-007959 Allotjament rural .Lloguer \u00edntegre de casa rural amb terrassa i jard\u00ed vallat. Capacitat per a 5-6 persones 1 Habitaci\u00f3 doble. 1 Habitaci\u00f3 Tripla. 2 Banys complets. \u00c0mplia cuina equipada i menjador-sala d\u00b4estar 5\u00a0places \u00a0&#8211; 31EUR \/\u00a0persona i nit (aprox.) No [&hellip;]<\/p>\n","protected":false},"author":1,"featured_media":0,"parent":0,"menu_order":0,"comment_status":"closed","ping_status":"closed","template":"","meta":[],"_links":{"self":[{"href":"https:\/\/www.nitrural.com\/index.php?rest_route=\/wp\/v2\/pages\/14"}],"collection":[{"href":"https:\/\/www.nitrural.com\/index.php?rest_route=\/wp\/v2\/pages"}],"about":[{"href":"https:\/\/www.nitrural.com\/index.php?rest_route=\/wp\/v2\/types\/page"}],"author":[{"embeddable":true,"href":"https:\/\/www.nitrural.com\/index.php?rest_route=\/wp\/v2\/users\/1"}],"replies":[{"embeddable":true,"href":"https:\/\/www.nitrural.com\/index.php?rest_route=%2Fwp%2Fv2%2Fcomments&post=14"}],"version-history":[{"count":6,"href":"https:\/\/www.nitrural.com\/index.php?rest_route=\/wp\/v2\/pages\/14\/revisions"}],"predecessor-version":[{"id":606,"href":"https:\/\/www.nitrural.com\/index.php?rest_route=\/wp\/v2\/pages\/14\/revisions\/606"}],"wp:attachment":[{"href":"https:\/\/www.nitrural.com\/index.php?rest_route=%2Fwp%2Fv2%2Fmedia&parent=14"}],"curies":[{"name":"wp","href":"https:\/\/api.w.org\/{rel}","templated":true}]}}